{"id":39,"date":"2019-02-24T18:55:54","date_gmt":"2019-02-24T18:55:54","guid":{"rendered":"https:\/\/kolmheadtegu.wordpress.com\/?page_id=39"},"modified":"2019-09-30T22:46:39","modified_gmt":"2019-09-30T19:46:39","slug":"minust-lahemalt","status":"publish","type":"page","link":"https:\/\/kolmheadtegu.ee\/index.php\/minust-lahemalt\/","title":{"rendered":"Minust l\u00e4hemalt"},"content":{"rendered":"\n<div class=\"wp-block-media-text alignwide\"><figure class=\"wp-block-media-text__media\"><img fetchpriority=\"high\" decoding=\"async\" width=\"768\" height=\"1024\" src=\"http:\/\/kolmheadtegu.ee\/wp-content\/uploads\/2019\/03\/52673056_303104103893453_2239234891155767296_n-768x1024.jpg\" alt=\"\" class=\"wp-image-223\" srcset=\"https:\/\/kolmheadtegu.ee\/wp-content\/uploads\/2019\/03\/52673056_303104103893453_2239234891155767296_n-768x1024.jpg 768w, https:\/\/kolmheadtegu.ee\/wp-content\/uploads\/2019\/03\/52673056_303104103893453_2239234891155767296_n-225x300.jpg 225w\" sizes=\"(max-width: 768px) 100vw, 768px\" \/><\/figure><div class=\"wp-block-media-text__content\">\n<p><span style=\"color:#000000\" class=\"color\">Olen Elmo Puidet, juhtimiskonsultant, -koolitaja ja coach,&nbsp; fokuseerides oma tegevust ettev\u00f5tluse ja ettev\u00f5tlikkuse, \u00e4riarenduse, arengu kavandamise ja (meeskondade) juhtimise valdkondades. Lisaks konsultandit\u00f6\u00f6le olen Viljandimaa Arenduskeskuse SA \u00fcsna v\u00e4rske juhataja ja aitan luua paremat arengukeskkonda Viljandimaa ettev\u00f5tjatele ja kodaniku\u00fchendustele.<\/span><br><\/p>\n\n\n\n<p><strong><span style=\"color:#000000\" class=\"color\">Kogemus<\/span><\/strong><\/p>\n\n\n\n<p style=\"color:#000000\" class=\"has-text-color\">Hariduselt olen automaatika insener (TT\u00dc), lisaks \u00f5ppinud \u00e4rikorralduse magistriprogrammis. Olen rahvusvaheliste sertifikaatidega koolitaja ja coach. Ma olen t\u00f6\u00f6tanud spetsialistina ja tippjuhina panganduses, turundusdirektorina ja juhatuse esimehena tootmis- ja teenindusettev\u00f5tetes ning tegutsen n\u00f5ukogu ja juhatuse liikmena erinevates ettev\u00f5tetes ka praegu.<\/p>\n\n\n\n<p><span style=\"color:#000000\" class=\"color\">Mul on rohkem kui 25-aastane strateegilise juhtimise ja arengu kavandamise kogemus nii era- kui avalikus sektoris, samuti kolmandas sektoris. Pikaajaline ettev\u00f5tjate, juhtide ja meeskondade koolitamise ja coach\u2019imise kogemus, sh v\u00e4ljaspool Eestit (nt L\u00e4tis, Leedus, Ukrainas, Gruusias, Valgevenes, Bulgaarias ja Soomes) on v\u00f5imaldanud koguda v\u00e4\u00e4rtuslikku kogemust, mida jagada. <\/span><\/p>\n\n\n\n<p style=\"color:#000000\" class=\"has-text-color\"><strong>Viimase 10 aasta jooksul olen l\u00e4bi viinud arenguprotsesse rohkem kui 100 erineva organisatsioonis ja koolitanud ligi 10 000 inimest.&nbsp;<\/strong><\/p>\n<\/div><\/div>\n\n\n\n<div class=\"wp-block-columns has-2-columns is-layout-flex wp-container-core-columns-is-layout-1 wp-block-columns-is-layout-flex\">\n<div class=\"wp-block-column is-layout-flow wp-block-column-is-layout-flow\">\n<p style=\"color:#000000\" class=\"has-text-color has-background has-pale-cyan-blue-background-color\"><strong>N\u00e4iteid minu teostatud t\u00f6\u00f6dest<\/strong><\/p>\n\n\n\n<ul class=\"wp-block-list\"><li><span style=\"color:#000000\" class=\"color\">(MAK) Alustava Ettev\u00f5tja baaskoolitus (6 aastat programmijuht ja koolitaja);<\/span><\/li><li><span style=\"color:#000000\" class=\"color\">diagnostika ja mentorluse l\u00e4biviija erinevates EAS tootmis- ja turismiettev\u00f5tete programmides;<\/span><\/li><li><span style=\"color:#000000\" class=\"color\">Gruusia-Eesti koost\u00f6\u00f6projekt TSU School of Entrepreneurship koolitaja ja mentor;<\/span><\/li><li>P<span style=\"color:#000000\" class=\"color\">anga \u00e4rikliendi osakonna meeskonna-coaching;<\/span><\/li><li><span style=\"color:#000000\" class=\"color\">Tartu Loomemajanduskeskuse alustavate ettev\u00f5tete koolitused ja mentorlus;<\/span><\/li><li><span style=\"color:#000000\" class=\"color\">Tallinna Inkubaatorite alustavate ettev\u00f5tete koolitused;<\/span><\/li><li><span style=\"color:#000000\" class=\"color\">T\u00f6\u00f6tukassa alustavate ettev\u00f5tjate mentorlus;<\/span><\/li><li><span style=\"color:#000000\" class=\"color\">Ida-Virumaa Kutsehariduskeskuse, Narva Kutsehariduskeskuse ja Valga Kutse\u00f5ppekeskuse arengukava;<\/span><\/li><li><span style=\"color:#000000\" class=\"color\">Tallinna Inkubaatorite strateegia koostamine;<\/span><\/li><li><span style=\"color:#000000\" class=\"color\">EAS kliendihaldurite koolitus;<\/span><\/li><li><span style=\"color:#000000\" class=\"color\">SEB klientide \u00e4rimudeli arendamise koolitus;<\/span><\/li><li><span style=\"color:#000000\" class=\"color\">EAS alustavate ettev\u00f5tete mentorklubid, koolitaja ja mentor;<\/span><\/li><li><span style=\"color:#000000\" class=\"color\">Keila linna arengukava;<\/span><\/li><li><span style=\"color:#000000\" class=\"color\">Padise valla arengukava;<\/span><\/li><li><span style=\"color:#000000\" class=\"color\">Eccua O\u00dc strateegia;<\/span><\/li><li><span style=\"color:#000000\" class=\"color\">Softsystems O\u00dc strateegia;<\/span><\/li><li><span style=\"color:#000000\" class=\"color\">Info\u00fchiskonna arengukava (Majandus- ja Kommunikatsiooniministeerium) t\u00f6\u00f6tubade juhtimine;<\/span><\/li><li><span style=\"color:#000000\" class=\"color\">&#8230;ja palju muud.<\/span><\/li><\/ul>\n\n\n\n<p><\/p>\n<\/div>\n\n\n\n<div class=\"wp-block-column is-layout-flow wp-block-column-is-layout-flow\">\n<p style=\"color:#000000\" class=\"has-text-color has-background has-pale-cyan-blue-background-color\"><strong>V\u00f5tmeoskused<\/strong><\/p>\n\n\n\n<ul class=\"wp-block-list\"><li><span style=\"color:#000000\" class=\"color\">\u00e4rimudeli anal\u00fc\u00fcs ja arendus (koolitused ja n\u00f5ustamine)<\/span><\/li><li><span style=\"color:#000000\" class=\"color\">strateegiaprotsessi kavandamine ja juhtimine<\/span><\/li><li><span style=\"color:#000000\" class=\"color\">\u00e4riplaanide koostamine<\/span><\/li><li><span style=\"color:#000000\" class=\"color\">ettev\u00f5tjate, juhtide ja meeskondade koolitused, coaching ja mentorlus<\/span><\/li><li><span style=\"color:#000000\" class=\"color\">Eelarvete koostamine ja finantsanal\u00fc\u00fcs<\/span><\/li><li><span style=\"color:#000000\" class=\"color\">Finantsjuhtimise n\u00f5ustamine<\/span><\/li><\/ul>\n\n\n\n<p style=\"color:#000000\" class=\"has-text-color has-background has-pale-cyan-blue-background-color\"><strong>L\u00e4bitud koolitused ja treeningud<\/strong><\/p>\n\n\n\n<ul class=\"wp-block-list\"><li><span style=\"color:#000000\" class=\"color\">Intelligentne Grupp O\u00dc &#8211; Enneagrammi motivatsioonit\u00fc\u00fcbid t\u00f6\u00f6keskkonnas (2019)<\/span><\/li><li><span style=\"color:#000000\" class=\"color\">Erickson College International \u2013 Modules I \u2013 IV of the Art and Science of coaching (2015)<\/span><\/li><li><span style=\"color:#000000\" class=\"color\">Brian Tracy International Trainers\u2019 Training \u2013 Certified Brian Tracy Trainer (2013)<\/span><\/li><li><span style=\"color:#000000\" class=\"color\">Konfera O\u00dc \u2013 Meeskonna coachingu praktikum (2013)<\/span><\/li><li><span style=\"color:#000000\" class=\"color\">Innovation Factory \u2013 Innovation Foundation Assessment Build 41 (Enterprise Estonia) (2004)<\/span><\/li><li><span style=\"color:#000000\" class=\"color\">JCI Training Institute \u2013 Certified National Trainer (CNT) (2003)<\/span><\/li><\/ul>\n<\/div>\n<\/div>\n\n\n\n<div class=\"wp-block-button\"><a class=\"wp-block-button__link has-background has-vivid-red-background-color\" href=\"https:\/\/kolmheadtegu.ee\/et\/index.php\/teenused\/\">Tutvu pakutavate teenustega siin!<\/a><\/div>\n\n\n\n<p><\/p>\n","protected":false},"excerpt":{"rendered":"<p>Olen Elmo Puidet, juhtimiskonsultant, -koolitaja ja coach,&nbsp; fokuseerides oma tegevust ettev\u00f5tluse ja ettev\u00f5tlikkuse, \u00e4riarenduse, arengu kavandamise ja (meeskondade) juhtimise valdkondades. Lisaks konsultandit\u00f6\u00f6le olen Viljandimaa Arenduskeskuse SA \u00fcsna v\u00e4rske juhataja ja aitan luua paremat arengukeskkonda Viljandimaa ettev\u00f5tjatele ja kodaniku\u00fchendustele. Kogemus Hariduselt olen automaatika insener (TT\u00dc), lisaks \u00f5ppinud \u00e4rikorralduse magistriprogrammis. Olen rahvusvaheliste sertifikaatidega koolitaja ja coach. Ma<span class=\"post-excerpt-end\">&hellip;<\/span><\/p>\n<p class=\"more-link\"><a href=\"https:\/\/kolmheadtegu.ee\/index.php\/minust-lahemalt\/\" class=\"themebutton\">Read More<\/a><\/p>\n","protected":false},"author":1,"featured_media":0,"parent":0,"menu_order":0,"comment_status":"closed","ping_status":"closed","template":"","meta":{"footnotes":""},"class_list":["post-39","page","type-page","status-publish","hentry"],"yoast_head":"<!-- This site is optimized with the Yoast SEO plugin v25.8 - https:\/\/yoast.com\/wordpress\/plugins\/seo\/ -->\n<title>Minust l\u00e4hemalt | Kolm Head Tegu<\/title>\n<meta name=\"description\" content=\"Elmo Puidet on juhtimiskonsultant, -koolitaja ja coach, spetsialiseerudes ettev\u00f5tluse, \u00e4riarenduse, arengu kavade ja (meeskondade) juhtimise valdkondades.\" \/>\n<meta name=\"robots\" content=\"index, follow, max-snippet:-1, max-image-preview:large, max-video-preview:-1\" \/>\n<link rel=\"canonical\" href=\"https:\/\/kolmheadtegu.ee\/index.php\/minust-lahemalt\/\" \/>\n<meta property=\"og:locale\" content=\"et_EE\" \/>\n<meta property=\"og:type\" content=\"article\" \/>\n<meta property=\"og:title\" content=\"Minust l\u00e4hemalt | Kolm Head Tegu\" \/>\n<meta property=\"og:description\" content=\"Elmo Puidet on juhtimiskonsultant, -koolitaja ja coach, spetsialiseerudes ettev\u00f5tluse, \u00e4riarenduse, arengu kavade ja (meeskondade) juhtimise valdkondades.\" \/>\n<meta property=\"og:url\" content=\"https:\/\/kolmheadtegu.ee\/index.php\/minust-lahemalt\/\" \/>\n<meta property=\"og:site_name\" content=\"Kolm Head Tegu\" \/>\n<meta property=\"article:modified_time\" content=\"2019-09-30T19:46:39+00:00\" \/>\n<meta property=\"og:image\" content=\"http:\/\/kolmheadtegu.ee\/wp-content\/uploads\/2019\/03\/52673056_303104103893453_2239234891155767296_n-768x1024.jpg\" \/>\n<meta name=\"twitter:card\" content=\"summary_large_image\" \/>\n<meta name=\"twitter:label1\" content=\"Est. reading time\" \/>\n\t<meta name=\"twitter:data1\" content=\"2 minutit\" \/>\n<script type=\"application\/ld+json\" class=\"yoast-schema-graph\">{\"@context\":\"https:\/\/schema.org\",\"@graph\":[{\"@type\":\"WebPage\",\"@id\":\"https:\/\/kolmheadtegu.ee\/index.php\/minust-lahemalt\/\",\"url\":\"https:\/\/kolmheadtegu.ee\/index.php\/minust-lahemalt\/\",\"name\":\"Minust l\u00e4hemalt | Kolm Head Tegu\",\"isPartOf\":{\"@id\":\"https:\/\/kolmheadtegu.ee\/#website\"},\"primaryImageOfPage\":{\"@id\":\"https:\/\/kolmheadtegu.ee\/index.php\/minust-lahemalt\/#primaryimage\"},\"image\":{\"@id\":\"https:\/\/kolmheadtegu.ee\/index.php\/minust-lahemalt\/#primaryimage\"},\"thumbnailUrl\":\"http:\/\/kolmheadtegu.ee\/wp-content\/uploads\/2019\/03\/52673056_303104103893453_2239234891155767296_n-768x1024.jpg\",\"datePublished\":\"2019-02-24T18:55:54+00:00\",\"dateModified\":\"2019-09-30T19:46:39+00:00\",\"description\":\"Elmo Puidet on juhtimiskonsultant, -koolitaja ja coach, spetsialiseerudes ettev\u00f5tluse, \u00e4riarenduse, arengu kavade ja (meeskondade) juhtimise valdkondades.\",\"breadcrumb\":{\"@id\":\"https:\/\/kolmheadtegu.ee\/index.php\/minust-lahemalt\/#breadcrumb\"},\"inLanguage\":\"et\",\"potentialAction\":[{\"@type\":\"ReadAction\",\"target\":[\"https:\/\/kolmheadtegu.ee\/index.php\/minust-lahemalt\/\"]}]},{\"@type\":\"ImageObject\",\"inLanguage\":\"et\",\"@id\":\"https:\/\/kolmheadtegu.ee\/index.php\/minust-lahemalt\/#primaryimage\",\"url\":\"https:\/\/kolmheadtegu.ee\/wp-content\/uploads\/2019\/03\/52673056_303104103893453_2239234891155767296_n.jpg\",\"contentUrl\":\"https:\/\/kolmheadtegu.ee\/wp-content\/uploads\/2019\/03\/52673056_303104103893453_2239234891155767296_n.jpg\",\"width\":3072,\"height\":4096},{\"@type\":\"BreadcrumbList\",\"@id\":\"https:\/\/kolmheadtegu.ee\/index.php\/minust-lahemalt\/#breadcrumb\",\"itemListElement\":[{\"@type\":\"ListItem\",\"position\":1,\"name\":\"Home\",\"item\":\"https:\/\/kolmheadtegu.ee\/\"},{\"@type\":\"ListItem\",\"position\":2,\"name\":\"Minust l\u00e4hemalt\"}]},{\"@type\":\"WebSite\",\"@id\":\"https:\/\/kolmheadtegu.ee\/#website\",\"url\":\"https:\/\/kolmheadtegu.ee\/\",\"name\":\"Kolm Head Tegu\",\"description\":\"Alustava ettev\u00f5tja coaching\",\"publisher\":{\"@id\":\"https:\/\/kolmheadtegu.ee\/#organization\"},\"potentialAction\":[{\"@type\":\"SearchAction\",\"target\":{\"@type\":\"EntryPoint\",\"urlTemplate\":\"https:\/\/kolmheadtegu.ee\/?s={search_term_string}\"},\"query-input\":{\"@type\":\"PropertyValueSpecification\",\"valueRequired\":true,\"valueName\":\"search_term_string\"}}],\"inLanguage\":\"et\"},{\"@type\":\"Organization\",\"@id\":\"https:\/\/kolmheadtegu.ee\/#organization\",\"name\":\"Kolm Head Tegu\",\"url\":\"https:\/\/kolmheadtegu.ee\/\",\"logo\":{\"@type\":\"ImageObject\",\"inLanguage\":\"et\",\"@id\":\"https:\/\/kolmheadtegu.ee\/#\/schema\/logo\/image\/\",\"url\":\"https:\/\/kolmheadtegu.ee\/wp-content\/uploads\/2019\/03\/Logo3aaa.jpg\",\"contentUrl\":\"https:\/\/kolmheadtegu.ee\/wp-content\/uploads\/2019\/03\/Logo3aaa.jpg\",\"width\":297,\"height\":246,\"caption\":\"Kolm Head Tegu\"},\"image\":{\"@id\":\"https:\/\/kolmheadtegu.ee\/#\/schema\/logo\/image\/\"}}]}<\/script>\n<!-- \/ Yoast SEO plugin. -->","yoast_head_json":{"title":"Minust l\u00e4hemalt | Kolm Head Tegu","description":"Elmo Puidet on juhtimiskonsultant, -koolitaja ja coach, spetsialiseerudes ettev\u00f5tluse, \u00e4riarenduse, arengu kavade ja (meeskondade) juhtimise valdkondades.","robots":{"index":"index","follow":"follow","max-snippet":"max-snippet:-1","max-image-preview":"max-image-preview:large","max-video-preview":"max-video-preview:-1"},"canonical":"https:\/\/kolmheadtegu.ee\/index.php\/minust-lahemalt\/","og_locale":"et_EE","og_type":"article","og_title":"Minust l\u00e4hemalt | Kolm Head Tegu","og_description":"Elmo Puidet on juhtimiskonsultant, -koolitaja ja coach, spetsialiseerudes ettev\u00f5tluse, \u00e4riarenduse, arengu kavade ja (meeskondade) juhtimise valdkondades.","og_url":"https:\/\/kolmheadtegu.ee\/index.php\/minust-lahemalt\/","og_site_name":"Kolm Head Tegu","article_modified_time":"2019-09-30T19:46:39+00:00","og_image":[{"url":"http:\/\/kolmheadtegu.ee\/wp-content\/uploads\/2019\/03\/52673056_303104103893453_2239234891155767296_n-768x1024.jpg","type":"","width":"","height":""}],"twitter_card":"summary_large_image","twitter_misc":{"Est. reading time":"2 minutit"},"schema":{"@context":"https:\/\/schema.org","@graph":[{"@type":"WebPage","@id":"https:\/\/kolmheadtegu.ee\/index.php\/minust-lahemalt\/","url":"https:\/\/kolmheadtegu.ee\/index.php\/minust-lahemalt\/","name":"Minust l\u00e4hemalt | Kolm Head Tegu","isPartOf":{"@id":"https:\/\/kolmheadtegu.ee\/#website"},"primaryImageOfPage":{"@id":"https:\/\/kolmheadtegu.ee\/index.php\/minust-lahemalt\/#primaryimage"},"image":{"@id":"https:\/\/kolmheadtegu.ee\/index.php\/minust-lahemalt\/#primaryimage"},"thumbnailUrl":"http:\/\/kolmheadtegu.ee\/wp-content\/uploads\/2019\/03\/52673056_303104103893453_2239234891155767296_n-768x1024.jpg","datePublished":"2019-02-24T18:55:54+00:00","dateModified":"2019-09-30T19:46:39+00:00","description":"Elmo Puidet on juhtimiskonsultant, -koolitaja ja coach, spetsialiseerudes ettev\u00f5tluse, \u00e4riarenduse, arengu kavade ja (meeskondade) juhtimise valdkondades.","breadcrumb":{"@id":"https:\/\/kolmheadtegu.ee\/index.php\/minust-lahemalt\/#breadcrumb"},"inLanguage":"et","potentialAction":[{"@type":"ReadAction","target":["https:\/\/kolmheadtegu.ee\/index.php\/minust-lahemalt\/"]}]},{"@type":"ImageObject","inLanguage":"et","@id":"https:\/\/kolmheadtegu.ee\/index.php\/minust-lahemalt\/#primaryimage","url":"https:\/\/kolmheadtegu.ee\/wp-content\/uploads\/2019\/03\/52673056_303104103893453_2239234891155767296_n.jpg","contentUrl":"https:\/\/kolmheadtegu.ee\/wp-content\/uploads\/2019\/03\/52673056_303104103893453_2239234891155767296_n.jpg","width":3072,"height":4096},{"@type":"BreadcrumbList","@id":"https:\/\/kolmheadtegu.ee\/index.php\/minust-lahemalt\/#breadcrumb","itemListElement":[{"@type":"ListItem","position":1,"name":"Home","item":"https:\/\/kolmheadtegu.ee\/"},{"@type":"ListItem","position":2,"name":"Minust l\u00e4hemalt"}]},{"@type":"WebSite","@id":"https:\/\/kolmheadtegu.ee\/#website","url":"https:\/\/kolmheadtegu.ee\/","name":"Kolm Head Tegu","description":"Alustava ettev\u00f5tja coaching","publisher":{"@id":"https:\/\/kolmheadtegu.ee\/#organization"},"potentialAction":[{"@type":"SearchAction","target":{"@type":"EntryPoint","urlTemplate":"https:\/\/kolmheadtegu.ee\/?s={search_term_string}"},"query-input":{"@type":"PropertyValueSpecification","valueRequired":true,"valueName":"search_term_string"}}],"inLanguage":"et"},{"@type":"Organization","@id":"https:\/\/kolmheadtegu.ee\/#organization","name":"Kolm Head Tegu","url":"https:\/\/kolmheadtegu.ee\/","logo":{"@type":"ImageObject","inLanguage":"et","@id":"https:\/\/kolmheadtegu.ee\/#\/schema\/logo\/image\/","url":"https:\/\/kolmheadtegu.ee\/wp-content\/uploads\/2019\/03\/Logo3aaa.jpg","contentUrl":"https:\/\/kolmheadtegu.ee\/wp-content\/uploads\/2019\/03\/Logo3aaa.jpg","width":297,"height":246,"caption":"Kolm Head Tegu"},"image":{"@id":"https:\/\/kolmheadtegu.ee\/#\/schema\/logo\/image\/"}}]}},"_links":{"self":[{"href":"https:\/\/kolmheadtegu.ee\/index.php\/wp-json\/wp\/v2\/pages\/39","targetHints":{"allow":["GET"]}}],"collection":[{"href":"https:\/\/kolmheadtegu.ee\/index.php\/wp-json\/wp\/v2\/pages"}],"about":[{"href":"https:\/\/kolmheadtegu.ee\/index.php\/wp-json\/wp\/v2\/types\/page"}],"author":[{"embeddable":true,"href":"https:\/\/kolmheadtegu.ee\/index.php\/wp-json\/wp\/v2\/users\/1"}],"replies":[{"embeddable":true,"href":"https:\/\/kolmheadtegu.ee\/index.php\/wp-json\/wp\/v2\/comments?post=39"}],"version-history":[{"count":8,"href":"https:\/\/kolmheadtegu.ee\/index.php\/wp-json\/wp\/v2\/pages\/39\/revisions"}],"predecessor-version":[{"id":346,"href":"https:\/\/kolmheadtegu.ee\/index.php\/wp-json\/wp\/v2\/pages\/39\/revisions\/346"}],"wp:attachment":[{"href":"https:\/\/kolmheadtegu.ee\/index.php\/wp-json\/wp\/v2\/media?parent=39"}],"curies":[{"name":"wp","href":"https:\/\/api.w.org\/{rel}","templated":true}]}}