{"id":6,"date":"2019-01-30T17:44:04","date_gmt":"2019-01-30T17:44:04","guid":{"rendered":"https:\/\/kolmheadtegu.wordpress.com\/?page_id=2"},"modified":"2021-09-22T15:48:13","modified_gmt":"2021-09-22T12:48:13","slug":"home","status":"publish","type":"page","link":"https:\/\/kolmheadtegu.ee\/","title":{"rendered":"Esileht"},"content":{"rendered":"\n<div class=\"wp-block-media-text alignwide\"><figure class=\"wp-block-media-text__media\"><img fetchpriority=\"high\" decoding=\"async\" width=\"1024\" height=\"1024\" src=\"http:\/\/kolmheadtegu.ee\/wp-content\/uploads\/2021\/09\/120601163_3471434359546423_124254890225375080_n-1024x1024.jpg\" alt=\"\" class=\"wp-image-552\" srcset=\"https:\/\/kolmheadtegu.ee\/wp-content\/uploads\/2021\/09\/120601163_3471434359546423_124254890225375080_n-1024x1024.jpg 1024w, https:\/\/kolmheadtegu.ee\/wp-content\/uploads\/2021\/09\/120601163_3471434359546423_124254890225375080_n-150x150.jpg 150w, https:\/\/kolmheadtegu.ee\/wp-content\/uploads\/2021\/09\/120601163_3471434359546423_124254890225375080_n-300x300.jpg 300w, https:\/\/kolmheadtegu.ee\/wp-content\/uploads\/2021\/09\/120601163_3471434359546423_124254890225375080_n-768x768.jpg 768w, https:\/\/kolmheadtegu.ee\/wp-content\/uploads\/2021\/09\/120601163_3471434359546423_124254890225375080_n.jpg 2048w\" sizes=\"(max-width: 1024px) 100vw, 1024px\" \/><\/figure><div class=\"wp-block-media-text__content\">\n<p style=\"color:#000000\" class=\"has-text-color\">Olen Elmo Puidet, juhtimiskonsultant, -koolitaja ja coach,  fokuseerides oma tegevust ettev\u00f5tluse ja ettev\u00f5tlikkuse, \u00e4riarenduse, arengu kavandamise ja (meeskondade) juhtimise valdkondades. Lisaks konsultandit\u00f6\u00f6le olen Viljandimaa Arenduskeskuse SA \u00fcsna v\u00e4rske juhataja ja aitan luua paremat arengukeskkonda Viljandimaa ettev\u00f5tjatele ja kodaniku\u00fchendustele.<\/p>\n\n\n\n<p style=\"color:#000000\" class=\"has-text-color\"><strong>V\u00f5tmeoskused<\/strong><\/p>\n\n\n\n<p style=\"color:#000000\" class=\"has-text-color\"><span style=\"color:#000000\" class=\"color\">Spetsialiseerun ettev\u00f5tluse ja ettev\u00f5tlikkuse, \u00e4riarenduse, arengu kavandamise ja (meeskondade) juhtimise valdkondades. Olen rahvusvaheliste sertifikaatidega koolitaja ja coach.<\/span><\/p>\n\n\n\n<ul class=\"wp-block-list\"><li><span style=\"color:#000000\" class=\"color\">\u00c4rimudeli anal\u00fc\u00fcs ja arendus (koolitused ja n\u00f5ustamine);<\/span><\/li><li><span style=\"color:#000000\" class=\"color\">Strateegiaprotsessi kavandamine ja juhtimine;<\/span><\/li><li><span style=\"color:#000000\" class=\"color\">\u00c4riplaanide koostamine;<\/span><\/li><li><span style=\"color:#000000\" class=\"color\">Ettev\u00f5tjate, juhtide ja meeskondade koolitused, coaching ja mentorlus;<\/span><\/li><li><span style=\"color:#000000\" class=\"color\">Eelarvete koostamine ja finantsanal\u00fc\u00fcs;<\/span><\/li><li><span style=\"color:#000000\" class=\"color\">Finantsjuhtimise n\u00f5ustamine.<\/span><\/li><\/ul>\n<\/div><\/div>\n","protected":false},"excerpt":{"rendered":"<p>Olen Elmo Puidet, juhtimiskonsultant, -koolitaja ja coach, fokuseerides oma tegevust ettev\u00f5tluse ja ettev\u00f5tlikkuse, \u00e4riarenduse, arengu kavandamise ja (meeskondade) juhtimise valdkondades. Lisaks konsultandit\u00f6\u00f6le olen Viljandimaa Arenduskeskuse SA \u00fcsna v\u00e4rske juhataja ja aitan luua paremat arengukeskkonda Viljandimaa ettev\u00f5tjatele ja kodaniku\u00fchendustele. V\u00f5tmeoskused Spetsialiseerun ettev\u00f5tluse ja ettev\u00f5tlikkuse, \u00e4riarenduse, arengu kavandamise ja (meeskondade) juhtimise valdkondades. Olen rahvusvaheliste sertifikaatidega koolitaja ja<span class=\"post-excerpt-end\">&hellip;<\/span><\/p>\n<p class=\"more-link\"><a href=\"https:\/\/kolmheadtegu.ee\/\" class=\"themebutton\">Read More<\/a><\/p>\n","protected":false},"author":1,"featured_media":68,"parent":0,"menu_order":1,"comment_status":"closed","ping_status":"closed","template":"","meta":{"footnotes":""},"class_list":["post-6","page","type-page","status-publish","has-post-thumbnail","hentry"],"yoast_head":"<!-- This site is optimized with the Yoast SEO plugin v25.8 - https:\/\/yoast.com\/wordpress\/plugins\/seo\/ -->\n<title>Esileht | Kolm Head Tegu<\/title>\n<meta name=\"description\" content=\"Kolm Head Tegu pakub personaalset coaching programmi alustavale ettev\u00f5tjale. Loe programmi kohta l\u00e4hemalt ja v\u00f5ta meiega \u00fchendust juba t\u00e4na!\" \/>\n<meta name=\"robots\" content=\"index, follow, max-snippet:-1, max-image-preview:large, max-video-preview:-1\" \/>\n<link rel=\"canonical\" href=\"https:\/\/kolmheadtegu.ee\/\" \/>\n<meta property=\"og:locale\" content=\"et_EE\" \/>\n<meta property=\"og:type\" content=\"article\" \/>\n<meta property=\"og:title\" content=\"Esileht | Kolm Head Tegu\" \/>\n<meta property=\"og:description\" content=\"Kolm Head Tegu pakub personaalset coaching programmi alustavale ettev\u00f5tjale. Loe programmi kohta l\u00e4hemalt ja v\u00f5ta meiega \u00fchendust juba t\u00e4na!\" \/>\n<meta property=\"og:url\" content=\"https:\/\/kolmheadtegu.ee\/\" \/>\n<meta property=\"og:site_name\" content=\"Kolm Head Tegu\" \/>\n<meta property=\"article:modified_time\" content=\"2021-09-22T12:48:13+00:00\" \/>\n<meta property=\"og:image\" content=\"https:\/\/kolmheadtegu.ee\/wp-content\/uploads\/2019\/02\/2018-04-18-08.07.39-2-1024x576.jpg\" \/>\n\t<meta property=\"og:image:width\" content=\"1024\" \/>\n\t<meta property=\"og:image:height\" content=\"576\" \/>\n\t<meta property=\"og:image:type\" content=\"image\/jpeg\" \/>\n<meta name=\"twitter:card\" content=\"summary_large_image\" \/>\n<script type=\"application\/ld+json\" class=\"yoast-schema-graph\">{\"@context\":\"https:\/\/schema.org\",\"@graph\":[{\"@type\":\"WebPage\",\"@id\":\"https:\/\/kolmheadtegu.ee\/\",\"url\":\"https:\/\/kolmheadtegu.ee\/\",\"name\":\"Esileht | Kolm Head Tegu\",\"isPartOf\":{\"@id\":\"https:\/\/kolmheadtegu.ee\/#website\"},\"primaryImageOfPage\":{\"@id\":\"https:\/\/kolmheadtegu.ee\/#primaryimage\"},\"image\":{\"@id\":\"https:\/\/kolmheadtegu.ee\/#primaryimage\"},\"thumbnailUrl\":\"https:\/\/kolmheadtegu.ee\/wp-content\/uploads\/2019\/02\/2018-04-18-08.07.39-2.jpg\",\"datePublished\":\"2019-01-30T17:44:04+00:00\",\"dateModified\":\"2021-09-22T12:48:13+00:00\",\"description\":\"Kolm Head Tegu pakub personaalset coaching programmi alustavale ettev\u00f5tjale. Loe programmi kohta l\u00e4hemalt ja v\u00f5ta meiega \u00fchendust juba t\u00e4na!\",\"breadcrumb\":{\"@id\":\"https:\/\/kolmheadtegu.ee\/#breadcrumb\"},\"inLanguage\":\"et\",\"potentialAction\":[{\"@type\":\"ReadAction\",\"target\":[\"https:\/\/kolmheadtegu.ee\/\"]}]},{\"@type\":\"ImageObject\",\"inLanguage\":\"et\",\"@id\":\"https:\/\/kolmheadtegu.ee\/#primaryimage\",\"url\":\"https:\/\/kolmheadtegu.ee\/wp-content\/uploads\/2019\/02\/2018-04-18-08.07.39-2.jpg\",\"contentUrl\":\"https:\/\/kolmheadtegu.ee\/wp-content\/uploads\/2019\/02\/2018-04-18-08.07.39-2.jpg\",\"width\":4608,\"height\":2592,\"caption\":\"Processed with VSCO with c1 preset\"},{\"@type\":\"BreadcrumbList\",\"@id\":\"https:\/\/kolmheadtegu.ee\/#breadcrumb\",\"itemListElement\":[{\"@type\":\"ListItem\",\"position\":1,\"name\":\"Home\",\"item\":\"https:\/\/kolmheadtegu.ee\/\"},{\"@type\":\"ListItem\",\"position\":2,\"name\":\"Esileht\"}]},{\"@type\":\"WebSite\",\"@id\":\"https:\/\/kolmheadtegu.ee\/#website\",\"url\":\"https:\/\/kolmheadtegu.ee\/\",\"name\":\"Kolm Head Tegu\",\"description\":\"Alustava ettev\u00f5tja coaching\",\"publisher\":{\"@id\":\"https:\/\/kolmheadtegu.ee\/#organization\"},\"potentialAction\":[{\"@type\":\"SearchAction\",\"target\":{\"@type\":\"EntryPoint\",\"urlTemplate\":\"https:\/\/kolmheadtegu.ee\/?s={search_term_string}\"},\"query-input\":{\"@type\":\"PropertyValueSpecification\",\"valueRequired\":true,\"valueName\":\"search_term_string\"}}],\"inLanguage\":\"et\"},{\"@type\":\"Organization\",\"@id\":\"https:\/\/kolmheadtegu.ee\/#organization\",\"name\":\"Kolm Head Tegu\",\"url\":\"https:\/\/kolmheadtegu.ee\/\",\"logo\":{\"@type\":\"ImageObject\",\"inLanguage\":\"et\",\"@id\":\"https:\/\/kolmheadtegu.ee\/#\/schema\/logo\/image\/\",\"url\":\"https:\/\/kolmheadtegu.ee\/wp-content\/uploads\/2019\/03\/Logo3aaa.jpg\",\"contentUrl\":\"https:\/\/kolmheadtegu.ee\/wp-content\/uploads\/2019\/03\/Logo3aaa.jpg\",\"width\":297,\"height\":246,\"caption\":\"Kolm Head Tegu\"},\"image\":{\"@id\":\"https:\/\/kolmheadtegu.ee\/#\/schema\/logo\/image\/\"}}]}<\/script>\n<!-- \/ Yoast SEO plugin. -->","yoast_head_json":{"title":"Esileht | Kolm Head Tegu","description":"Kolm Head Tegu pakub personaalset coaching programmi alustavale ettev\u00f5tjale. Loe programmi kohta l\u00e4hemalt ja v\u00f5ta meiega \u00fchendust juba t\u00e4na!","robots":{"index":"index","follow":"follow","max-snippet":"max-snippet:-1","max-image-preview":"max-image-preview:large","max-video-preview":"max-video-preview:-1"},"canonical":"https:\/\/kolmheadtegu.ee\/","og_locale":"et_EE","og_type":"article","og_title":"Esileht | Kolm Head Tegu","og_description":"Kolm Head Tegu pakub personaalset coaching programmi alustavale ettev\u00f5tjale. Loe programmi kohta l\u00e4hemalt ja v\u00f5ta meiega \u00fchendust juba t\u00e4na!","og_url":"https:\/\/kolmheadtegu.ee\/","og_site_name":"Kolm Head Tegu","article_modified_time":"2021-09-22T12:48:13+00:00","og_image":[{"width":1024,"height":576,"url":"https:\/\/kolmheadtegu.ee\/wp-content\/uploads\/2019\/02\/2018-04-18-08.07.39-2-1024x576.jpg","type":"image\/jpeg"}],"twitter_card":"summary_large_image","schema":{"@context":"https:\/\/schema.org","@graph":[{"@type":"WebPage","@id":"https:\/\/kolmheadtegu.ee\/","url":"https:\/\/kolmheadtegu.ee\/","name":"Esileht | Kolm Head Tegu","isPartOf":{"@id":"https:\/\/kolmheadtegu.ee\/#website"},"primaryImageOfPage":{"@id":"https:\/\/kolmheadtegu.ee\/#primaryimage"},"image":{"@id":"https:\/\/kolmheadtegu.ee\/#primaryimage"},"thumbnailUrl":"https:\/\/kolmheadtegu.ee\/wp-content\/uploads\/2019\/02\/2018-04-18-08.07.39-2.jpg","datePublished":"2019-01-30T17:44:04+00:00","dateModified":"2021-09-22T12:48:13+00:00","description":"Kolm Head Tegu pakub personaalset coaching programmi alustavale ettev\u00f5tjale. Loe programmi kohta l\u00e4hemalt ja v\u00f5ta meiega \u00fchendust juba t\u00e4na!","breadcrumb":{"@id":"https:\/\/kolmheadtegu.ee\/#breadcrumb"},"inLanguage":"et","potentialAction":[{"@type":"ReadAction","target":["https:\/\/kolmheadtegu.ee\/"]}]},{"@type":"ImageObject","inLanguage":"et","@id":"https:\/\/kolmheadtegu.ee\/#primaryimage","url":"https:\/\/kolmheadtegu.ee\/wp-content\/uploads\/2019\/02\/2018-04-18-08.07.39-2.jpg","contentUrl":"https:\/\/kolmheadtegu.ee\/wp-content\/uploads\/2019\/02\/2018-04-18-08.07.39-2.jpg","width":4608,"height":2592,"caption":"Processed with VSCO with c1 preset"},{"@type":"BreadcrumbList","@id":"https:\/\/kolmheadtegu.ee\/#breadcrumb","itemListElement":[{"@type":"ListItem","position":1,"name":"Home","item":"https:\/\/kolmheadtegu.ee\/"},{"@type":"ListItem","position":2,"name":"Esileht"}]},{"@type":"WebSite","@id":"https:\/\/kolmheadtegu.ee\/#website","url":"https:\/\/kolmheadtegu.ee\/","name":"Kolm Head Tegu","description":"Alustava ettev\u00f5tja coaching","publisher":{"@id":"https:\/\/kolmheadtegu.ee\/#organization"},"potentialAction":[{"@type":"SearchAction","target":{"@type":"EntryPoint","urlTemplate":"https:\/\/kolmheadtegu.ee\/?s={search_term_string}"},"query-input":{"@type":"PropertyValueSpecification","valueRequired":true,"valueName":"search_term_string"}}],"inLanguage":"et"},{"@type":"Organization","@id":"https:\/\/kolmheadtegu.ee\/#organization","name":"Kolm Head Tegu","url":"https:\/\/kolmheadtegu.ee\/","logo":{"@type":"ImageObject","inLanguage":"et","@id":"https:\/\/kolmheadtegu.ee\/#\/schema\/logo\/image\/","url":"https:\/\/kolmheadtegu.ee\/wp-content\/uploads\/2019\/03\/Logo3aaa.jpg","contentUrl":"https:\/\/kolmheadtegu.ee\/wp-content\/uploads\/2019\/03\/Logo3aaa.jpg","width":297,"height":246,"caption":"Kolm Head Tegu"},"image":{"@id":"https:\/\/kolmheadtegu.ee\/#\/schema\/logo\/image\/"}}]}},"_links":{"self":[{"href":"https:\/\/kolmheadtegu.ee\/index.php\/wp-json\/wp\/v2\/pages\/6","targetHints":{"allow":["GET"]}}],"collection":[{"href":"https:\/\/kolmheadtegu.ee\/index.php\/wp-json\/wp\/v2\/pages"}],"about":[{"href":"https:\/\/kolmheadtegu.ee\/index.php\/wp-json\/wp\/v2\/types\/page"}],"author":[{"embeddable":true,"href":"https:\/\/kolmheadtegu.ee\/index.php\/wp-json\/wp\/v2\/users\/1"}],"replies":[{"embeddable":true,"href":"https:\/\/kolmheadtegu.ee\/index.php\/wp-json\/wp\/v2\/comments?post=6"}],"version-history":[{"count":22,"href":"https:\/\/kolmheadtegu.ee\/index.php\/wp-json\/wp\/v2\/pages\/6\/revisions"}],"predecessor-version":[{"id":553,"href":"https:\/\/kolmheadtegu.ee\/index.php\/wp-json\/wp\/v2\/pages\/6\/revisions\/553"}],"wp:featuredmedia":[{"embeddable":true,"href":"https:\/\/kolmheadtegu.ee\/index.php\/wp-json\/wp\/v2\/media\/68"}],"wp:attachment":[{"href":"https:\/\/kolmheadtegu.ee\/index.php\/wp-json\/wp\/v2\/media?parent=6"}],"curies":[{"name":"wp","href":"https:\/\/api.w.org\/{rel}","templated":true}]}}