{"id":9,"date":"2019-01-30T17:44:01","date_gmt":"2019-01-30T17:44:01","guid":{"rendered":"https:\/\/kolmheadtegu.wordpress.com\/?page_id=5"},"modified":"2019-09-29T16:24:10","modified_gmt":"2019-09-29T13:24:10","slug":"kontakt","status":"publish","type":"page","link":"https:\/\/kolmheadtegu.ee\/index.php\/kontakt\/","title":{"rendered":"Kontakt"},"content":{"rendered":"\n<p style=\"background-color:#9fe9e3\" class=\"has-text-color has-background has-dark-gray-color\"><strong><span style=\"color:#000000\" class=\"color\">Siin saad registreerida coaching-programmi osalejaks v\u00f5i kirjutada ka muude teemade\/k\u00fcsimustega. \ud83d\ude42 <\/span><\/strong><\/p>\n\n\n\n\n\n\n\n\n\n\n","protected":false},"excerpt":{"rendered":"<p>Siin saad registreerida coaching-programmi osalejaks v\u00f5i kirjutada ka muude teemade\/k\u00fcsimustega. \ud83d\ude42<\/p>\n","protected":false},"author":1,"featured_media":0,"parent":0,"menu_order":4,"comment_status":"closed","ping_status":"closed","template":"","meta":{"footnotes":""},"class_list":["post-9","page","type-page","status-publish","hentry"],"yoast_head":"<!-- This site is optimized with the Yoast SEO plugin v25.8 - https:\/\/yoast.com\/wordpress\/plugins\/seo\/ -->\n<title>Kontakt | Kolm Head Tegu<\/title>\n<meta name=\"description\" content=\"Alustava ettev\u00f5tja coaching - v\u00f5ta meiega \u00fchendust!\" \/>\n<meta name=\"robots\" content=\"index, follow, max-snippet:-1, max-image-preview:large, max-video-preview:-1\" \/>\n<link rel=\"canonical\" href=\"https:\/\/kolmheadtegu.ee\/index.php\/kontakt\/\" \/>\n<meta property=\"og:locale\" content=\"et_EE\" \/>\n<meta property=\"og:type\" content=\"article\" \/>\n<meta property=\"og:title\" content=\"Kontakt | Kolm Head Tegu\" \/>\n<meta property=\"og:description\" content=\"Alustava ettev\u00f5tja coaching - v\u00f5ta meiega \u00fchendust!\" \/>\n<meta property=\"og:url\" content=\"https:\/\/kolmheadtegu.ee\/index.php\/kontakt\/\" \/>\n<meta property=\"og:site_name\" content=\"Kolm Head Tegu\" \/>\n<meta property=\"article:modified_time\" content=\"2019-09-29T13:24:10+00:00\" \/>\n<meta name=\"twitter:card\" content=\"summary_large_image\" \/>\n<script type=\"application\/ld+json\" class=\"yoast-schema-graph\">{\"@context\":\"https:\/\/schema.org\",\"@graph\":[{\"@type\":\"WebPage\",\"@id\":\"https:\/\/kolmheadtegu.ee\/index.php\/kontakt\/\",\"url\":\"https:\/\/kolmheadtegu.ee\/index.php\/kontakt\/\",\"name\":\"Kontakt | Kolm Head Tegu\",\"isPartOf\":{\"@id\":\"https:\/\/kolmheadtegu.ee\/#website\"},\"datePublished\":\"2019-01-30T17:44:01+00:00\",\"dateModified\":\"2019-09-29T13:24:10+00:00\",\"description\":\"Alustava ettev\u00f5tja coaching - v\u00f5ta meiega \u00fchendust!\",\"breadcrumb\":{\"@id\":\"https:\/\/kolmheadtegu.ee\/index.php\/kontakt\/#breadcrumb\"},\"inLanguage\":\"et\",\"potentialAction\":[{\"@type\":\"ReadAction\",\"target\":[\"https:\/\/kolmheadtegu.ee\/index.php\/kontakt\/\"]}]},{\"@type\":\"BreadcrumbList\",\"@id\":\"https:\/\/kolmheadtegu.ee\/index.php\/kontakt\/#breadcrumb\",\"itemListElement\":[{\"@type\":\"ListItem\",\"position\":1,\"name\":\"Home\",\"item\":\"https:\/\/kolmheadtegu.ee\/\"},{\"@type\":\"ListItem\",\"position\":2,\"name\":\"Kontakt\"}]},{\"@type\":\"WebSite\",\"@id\":\"https:\/\/kolmheadtegu.ee\/#website\",\"url\":\"https:\/\/kolmheadtegu.ee\/\",\"name\":\"Kolm Head Tegu\",\"description\":\"Alustava ettev\u00f5tja coaching\",\"publisher\":{\"@id\":\"https:\/\/kolmheadtegu.ee\/#organization\"},\"potentialAction\":[{\"@type\":\"SearchAction\",\"target\":{\"@type\":\"EntryPoint\",\"urlTemplate\":\"https:\/\/kolmheadtegu.ee\/?s={search_term_string}\"},\"query-input\":{\"@type\":\"PropertyValueSpecification\",\"valueRequired\":true,\"valueName\":\"search_term_string\"}}],\"inLanguage\":\"et\"},{\"@type\":\"Organization\",\"@id\":\"https:\/\/kolmheadtegu.ee\/#organization\",\"name\":\"Kolm Head Tegu\",\"url\":\"https:\/\/kolmheadtegu.ee\/\",\"logo\":{\"@type\":\"ImageObject\",\"inLanguage\":\"et\",\"@id\":\"https:\/\/kolmheadtegu.ee\/#\/schema\/logo\/image\/\",\"url\":\"https:\/\/kolmheadtegu.ee\/wp-content\/uploads\/2019\/03\/Logo3aaa.jpg\",\"contentUrl\":\"https:\/\/kolmheadtegu.ee\/wp-content\/uploads\/2019\/03\/Logo3aaa.jpg\",\"width\":297,\"height\":246,\"caption\":\"Kolm Head Tegu\"},\"image\":{\"@id\":\"https:\/\/kolmheadtegu.ee\/#\/schema\/logo\/image\/\"}}]}<\/script>\n<!-- \/ Yoast SEO plugin. -->","yoast_head_json":{"title":"Kontakt | Kolm Head Tegu","description":"Alustava ettev\u00f5tja coaching - v\u00f5ta meiega \u00fchendust!","robots":{"index":"index","follow":"follow","max-snippet":"max-snippet:-1","max-image-preview":"max-image-preview:large","max-video-preview":"max-video-preview:-1"},"canonical":"https:\/\/kolmheadtegu.ee\/index.php\/kontakt\/","og_locale":"et_EE","og_type":"article","og_title":"Kontakt | Kolm Head Tegu","og_description":"Alustava ettev\u00f5tja coaching - v\u00f5ta meiega \u00fchendust!","og_url":"https:\/\/kolmheadtegu.ee\/index.php\/kontakt\/","og_site_name":"Kolm Head Tegu","article_modified_time":"2019-09-29T13:24:10+00:00","twitter_card":"summary_large_image","schema":{"@context":"https:\/\/schema.org","@graph":[{"@type":"WebPage","@id":"https:\/\/kolmheadtegu.ee\/index.php\/kontakt\/","url":"https:\/\/kolmheadtegu.ee\/index.php\/kontakt\/","name":"Kontakt | Kolm Head Tegu","isPartOf":{"@id":"https:\/\/kolmheadtegu.ee\/#website"},"datePublished":"2019-01-30T17:44:01+00:00","dateModified":"2019-09-29T13:24:10+00:00","description":"Alustava ettev\u00f5tja coaching - v\u00f5ta meiega \u00fchendust!","breadcrumb":{"@id":"https:\/\/kolmheadtegu.ee\/index.php\/kontakt\/#breadcrumb"},"inLanguage":"et","potentialAction":[{"@type":"ReadAction","target":["https:\/\/kolmheadtegu.ee\/index.php\/kontakt\/"]}]},{"@type":"BreadcrumbList","@id":"https:\/\/kolmheadtegu.ee\/index.php\/kontakt\/#breadcrumb","itemListElement":[{"@type":"ListItem","position":1,"name":"Home","item":"https:\/\/kolmheadtegu.ee\/"},{"@type":"ListItem","position":2,"name":"Kontakt"}]},{"@type":"WebSite","@id":"https:\/\/kolmheadtegu.ee\/#website","url":"https:\/\/kolmheadtegu.ee\/","name":"Kolm Head Tegu","description":"Alustava ettev\u00f5tja coaching","publisher":{"@id":"https:\/\/kolmheadtegu.ee\/#organization"},"potentialAction":[{"@type":"SearchAction","target":{"@type":"EntryPoint","urlTemplate":"https:\/\/kolmheadtegu.ee\/?s={search_term_string}"},"query-input":{"@type":"PropertyValueSpecification","valueRequired":true,"valueName":"search_term_string"}}],"inLanguage":"et"},{"@type":"Organization","@id":"https:\/\/kolmheadtegu.ee\/#organization","name":"Kolm Head Tegu","url":"https:\/\/kolmheadtegu.ee\/","logo":{"@type":"ImageObject","inLanguage":"et","@id":"https:\/\/kolmheadtegu.ee\/#\/schema\/logo\/image\/","url":"https:\/\/kolmheadtegu.ee\/wp-content\/uploads\/2019\/03\/Logo3aaa.jpg","contentUrl":"https:\/\/kolmheadtegu.ee\/wp-content\/uploads\/2019\/03\/Logo3aaa.jpg","width":297,"height":246,"caption":"Kolm Head Tegu"},"image":{"@id":"https:\/\/kolmheadtegu.ee\/#\/schema\/logo\/image\/"}}]}},"_links":{"self":[{"href":"https:\/\/kolmheadtegu.ee\/index.php\/wp-json\/wp\/v2\/pages\/9","targetHints":{"allow":["GET"]}}],"collection":[{"href":"https:\/\/kolmheadtegu.ee\/index.php\/wp-json\/wp\/v2\/pages"}],"about":[{"href":"https:\/\/kolmheadtegu.ee\/index.php\/wp-json\/wp\/v2\/types\/page"}],"author":[{"embeddable":true,"href":"https:\/\/kolmheadtegu.ee\/index.php\/wp-json\/wp\/v2\/users\/1"}],"replies":[{"embeddable":true,"href":"https:\/\/kolmheadtegu.ee\/index.php\/wp-json\/wp\/v2\/comments?post=9"}],"version-history":[{"count":7,"href":"https:\/\/kolmheadtegu.ee\/index.php\/wp-json\/wp\/v2\/pages\/9\/revisions"}],"predecessor-version":[{"id":307,"href":"https:\/\/kolmheadtegu.ee\/index.php\/wp-json\/wp\/v2\/pages\/9\/revisions\/307"}],"wp:attachment":[{"href":"https:\/\/kolmheadtegu.ee\/index.php\/wp-json\/wp\/v2\/media?parent=9"}],"curies":[{"name":"wp","href":"https:\/\/api.w.org\/{rel}","templated":true}]}}